{"id":290,"date":"2022-09-14T14:53:59","date_gmt":"2022-09-14T18:53:59","guid":{"rendered":"https:\/\/groupejutrasconstruction.com\/?page_id=290"},"modified":"2022-09-15T08:11:27","modified_gmt":"2022-09-15T12:11:27","slug":"about","status":"publish","type":"page","link":"https:\/\/groupejutrasconstruction.com\/en\/about\/","title":{"rendered":"About"},"content":{"rendered":"<div class=\"wpb-content-wrapper\">[vc_section full_width=&#8221;stretch_row&#8221; el_class=&#8221;section-header&#8221;][vc_row][vc_column][vc_column_text]\n<h3>A young and dynamic company specialized in exterior cladding for all types of buildings.<\/h3>\n[\/vc_column_text][\/vc_column][\/vc_row][vc_row content_placement=&#8221;middle&#8221;][vc_column width=&#8221;1\/2&#8243;][vc_column_text]\n<p class=\"p1\">In its early days, Groupe Jutras Construction was a small family business specializing in residential exterior siding, renovation and metal roofing. Founded in 2016 in Salaberry-de-Valleyfield by two ambitious brothers, Antonin and Pierre-Olivier Jutras, the company quickly carved out a niche in the market.<\/p>\n<p class=\"p1\">Driven by strong values of attention to detail, customer service and work ethic, Groupe Jutras Construction&#8217;s expertise has evolved over time, as has its territory, which has expanded to the south shore and west of the island.<\/p>\n[\/vc_column_text][\/vc_column][vc_column width=&#8221;1\/2&#8243;][vc_single_image image=&#8221;291&#8243; img_size=&#8221;full&#8221;][\/vc_column][\/vc_row][vc_row][vc_column width=&#8221;1\/2&#8243;][vc_single_image image=&#8221;292&#8243; img_size=&#8221;full&#8221; alignment=&#8221;right&#8221;][\/vc_column][vc_column width=&#8221;1\/2&#8243;][vc_column_text]\n<p class=\"p1\">Today, with more than 20 employees, the company has refined its expertise in commercial, industrial and institutional coatings. The latter sectors now account for the majority of the company&#8217;s activities. Given the high demand, we still take on mandates in the residential sector, mainly for rental buildings.<\/p>\n<p class=\"p1\">Consult our <a href=\"\/en\/news\/\">news section<\/a> to stay informed of our company&#8217;s evolution.<\/p>\n[\/vc_column_text][\/vc_column][\/vc_row][\/vc_section][vc_section full_width=&#8221;stretch_row&#8221; content_placement=&#8221;middle&#8221; el_class=&#8221;section-respect&#8221;][vc_row][vc_column][vc_raw_html]JTNDZGl2JTIwY2xhc3MlM0QlMjJjb250YWluZXIlMjIlM0UlMEElMDklM0NkaXYlMjBjbGFzcyUzRCUyMmxpZ25lJTIyJTNFJTNDJTJGZGl2JTNFJTBBJTA5JTNDZGl2JTIwY2xhc3MlM0QlMjJjYXJyZSUyMiUzRSUzQyUyRmRpdiUzRSUwQSUzQyUyRmRpdiUzRQ==[\/vc_raw_html][vc_column_text]\n<h2 style=\"text-align: center;\">Respecting work schedules is important to us.<\/h2>\n<p style=\"text-align: center;\">In the current context of labour scarcity and difficulties in supplying certain materials, Jutras Construction has learned to deal with these obstacles and to try to anticipate, as much as possible, the conditions to which each construction site will have to adapt. We constantly work in close collaboration with the various suppliers. This is what is most important in defining the parameters with which we must deliver.<\/p>\n[\/vc_column_text][\/vc_column][\/vc_row][\/vc_section][vc_section full_width=&#8221;stretch_row&#8221; el_class=&#8221;section-fournisseurs&#8221;][vc_row][vc_column width=&#8221;4\/12&#8243;][vc_single_image image=&#8221;298&#8243; img_size=&#8221;full&#8221;][\/vc_column][vc_column width=&#8221;8\/12&#8243;][vc_column_text]\n<h4>Our suppliers<\/h4>\n<h3>Trusted partners<\/h3>\n<p>In order to offer an impeccable service to our customers, it is important to surround ourselves with suppliers who are reliable and who provide high quality products and services. Over the years, we have built solid relationships that allow us to serve our customers well.<\/p>\n<p><strong> Learn more about our siding materials and suppliers here.<\/strong>[\/vc_column_text][vc_row_inner][vc_column_inner][vc_column_text]\n<ul>\n<li>Id\u00e9al rev\u00eatement<\/li>\n<li>Nadeau Isolation<\/li>\n<li>Multiplis<\/li>\n<li>Distribution Lazure<\/li>\n<li>Aluminium D\u00e9p\u00f4t<\/li>\n<li>Supertek<\/li>\n<li>Agway m\u00e9tal<\/li>\n<\/ul>\n<ul>\n<li>Ad seal<\/li>\n<li>Maconnex<\/li>\n<li>Luxor<\/li>\n<li>Panfab<\/li>\n<li>Fabrication St-Laurent<\/li>\n<li>Kaycan<\/li>\n<li>M\u00e9talunic<\/li>\n<\/ul>\n[\/vc_column_text][\/vc_column_inner][\/vc_row_inner][\/vc_column][\/vc_row][\/vc_section][vc_section el_class=&#8221;section-relations&#8221;][vc_row][vc_column width=&#8221;5\/12&#8243;][\/vc_column][vc_column width=&#8221;7\/12&#8243;][vc_column_text]\n<h2>A healthy<br \/>\nand transparent<br \/>\nrelationship with<br \/>\nour customers.<\/h2>\n[\/vc_column_text][\/vc_column][\/vc_row][vc_row][vc_column width=&#8221;5\/12&#8243;][vc_column_text]\n<p class=\"p1\">We believe that a healthy and transparent relationship with our customers is of the utmost importance. We are committed to providing exceptional customer service and developing long-term relationships based on trust. We strive to be open and honest in all our dealings with our customers, suppliers and partners.<\/p>\n<p>Our dedication to our work is demonstrated by the high quality of our services and the exceptional level of customer satisfaction we achieve.<span class=\"Apple-converted-space\">\u00a0<\/span><\/p>\n[\/vc_column_text][\/vc_column][vc_column width=&#8221;7\/12&#8243;][vc_row_inner][vc_column_inner width=&#8221;2\/3&#8243;][vc_single_image image=&#8221;294&#8243; img_size=&#8221;full&#8221;][\/vc_column_inner][vc_column_inner width=&#8221;1\/3&#8243;][vc_single_image image=&#8221;299&#8243; img_size=&#8221;full&#8221;][\/vc_column_inner][\/vc_row_inner][\/vc_column][\/vc_row][\/vc_section][vc_section el_class=&#8221;section-valeurs&#8221;][vc_row][vc_column][vc_column_text]\n<h2><span class=\"bleu\"> Deeply<br \/>\nrooted values <\/span><\/h2>\n[\/vc_column_text][\/vc_column][\/vc_row][vc_row equal_height=&#8221;yes&#8221; el_class=&#8221;chiffres&#8221;][vc_column width=&#8221;1\/4&#8243;][vc_column_text]\n<h2>1<\/h2>\n<h3>ATTENTION<br \/>\nTO DETAIL<\/h3>\n<p class=\"p1\">In the field of exterior siding, the details make a big difference in the final look as well as in its waterproofing or its life span. At Jutras Construction, nothing is left to chance.<\/p>\n[\/vc_column_text][\/vc_column][vc_column width=&#8221;1\/4&#8243;][vc_column_text]\n<h2>2<\/h2>\n<h3>CUSTOMER<br \/>\nSERVICE<\/h3>\n<p class=\"p1\">Our customers are important to us and that is why we are available and responsive to their needs.<\/p>\n[\/vc_column_text][\/vc_column][vc_column width=&#8221;1\/4&#8243;][vc_column_text]\n<h2>3<\/h2>\n<h3>TRANSPARENCY<\/h3>\n<p class=\"p1\">We are always honest with our clients at all levels. We believe that transparency and communication are the keys to good business relationships.<\/p>\n[\/vc_column_text][\/vc_column][vc_column width=&#8221;1\/4&#8243;][vc_column_text]\n<h2>4<\/h2>\n<h3>WORK<br \/>\nETHICS<\/h3>\n<p class=\"p1\">Every problem has a solution. At Jutras Construction, our employees are trained and motivated to offer the highest standard of quality. We are professional and courteous, but above all, we take our projects to heart.<\/p>\n[\/vc_column_text][\/vc_column][\/vc_row][\/vc_section][vc_section full_width=&#8221;stretch_row_content&#8221; el_class=&#8221;section-banner&#8221;][vc_row full_width=&#8221;stretch_row_content_no_spaces&#8221;][vc_column][vc_single_image image=&#8221;301&#8243; img_size=&#8221;full&#8221;][\/vc_column][\/vc_row][\/vc_section][vc_section el_class=&#8221;section-avenir&#8221;][vc_row][vc_column width=&#8221;1\/2&#8243;][vc_column_text]\n<h2>A promising<br \/>\nfuture<\/h2>\n<p>With continued growth, Jutras Construction is counting on consolidating its place in its market and the expertise of its personnel to maintain a place of choice in the installation of exterior coverings for commercial, industrial and institutional buildings. [\/vc_column_text][vc_column_text el_class=&#8221;quote-box&#8221;]\n<p class=\"p1\">Our work teams have their expertise and remain at the cutting edge of their field. We wish to maintain a continuous growth rate.<\/p>\n[\/vc_column_text][\/vc_column][vc_column width=&#8221;1\/2&#8243;][vc_single_image image=&#8221;300&#8243; img_size=&#8221;full&#8221;][\/vc_column][\/vc_row][vc_row][vc_column][vc_column_text]\n<p style=\"text-align: center;\">This growth leads us to continually look for motivated and competent people to join our team. If you are interested in a career with Groupe Jutras Construction, please visit the contact page.<\/p>\n<p style=\"text-align: center;\"><strong>Vous \u00eates int\u00e9ress\u00e9s \u00e0 une carri\u00e8re chez Groupe Jutras Construction?<\/strong><\/p>\n[\/vc_column_text][vc_btn title=&#8221;apply now&#8221; align=&#8221;center&#8221; el_class=&#8221;custom-btn&#8221; link=&#8221;url:%2Fen%2Fcontact%2F%23postuler&#8221;][\/vc_column][\/vc_row][\/vc_section]\n<\/div>","protected":false},"excerpt":{"rendered":"<p>[vc_section full_width=&#8221;stretch_row&#8221; el_class=&#8221;section-header&#8221;][vc_row][vc_column][vc_column_text] A young and dynamic company specialized in exterior cladding for all types of buildings. [\/vc_column_text][\/vc_column][\/vc_row][vc_row content_placement=&#8221;middle&#8221;][vc_column width=&#8221;1\/2&#8243;][vc_column_text] In its early days, Groupe Jutras Construction was a small family business specializing in residential exterior siding, renovation and metal roofing. Founded in 2016 in Salaberry-de-Valleyfield by two ambitious brothers, Antonin and Pierre-Olivier Jutras, the company quickly carved out a &#8230;<\/p>\n","protected":false},"author":1,"featured_media":0,"parent":0,"menu_order":0,"comment_status":"closed","ping_status":"closed","template":"template-blank-1.php","meta":{"_monsterinsights_skip_tracking":false,"_monsterinsights_sitenote_active":false,"_monsterinsights_sitenote_note":"","_monsterinsights_sitenote_category":0,"footnotes":""},"class_list":["post-290","page","type-page","status-publish","hentry","no-post-thumbnail"],"_links":{"self":[{"href":"https:\/\/groupejutrasconstruction.com\/en\/wp-json\/wp\/v2\/pages\/290","targetHints":{"allow":["GET"]}}],"collection":[{"href":"https:\/\/groupejutrasconstruction.com\/en\/wp-json\/wp\/v2\/pages"}],"about":[{"href":"https:\/\/groupejutrasconstruction.com\/en\/wp-json\/wp\/v2\/types\/page"}],"author":[{"embeddable":true,"href":"https:\/\/groupejutrasconstruction.com\/en\/wp-json\/wp\/v2\/users\/1"}],"replies":[{"embeddable":true,"href":"https:\/\/groupejutrasconstruction.com\/en\/wp-json\/wp\/v2\/comments?post=290"}],"version-history":[{"count":4,"href":"https:\/\/groupejutrasconstruction.com\/en\/wp-json\/wp\/v2\/pages\/290\/revisions"}],"predecessor-version":[{"id":374,"href":"https:\/\/groupejutrasconstruction.com\/en\/wp-json\/wp\/v2\/pages\/290\/revisions\/374"}],"wp:attachment":[{"href":"https:\/\/groupejutrasconstruction.com\/en\/wp-json\/wp\/v2\/media?parent=290"}],"curies":[{"name":"wp","href":"https:\/\/api.w.org\/{rel}","templated":true}]}}