{"id":347,"date":"2022-09-14T15:24:24","date_gmt":"2022-09-14T19:24:24","guid":{"rendered":"https:\/\/groupejutrasconstruction.com\/?page_id=347"},"modified":"2024-01-23T14:13:31","modified_gmt":"2024-01-23T19:13:31","slug":"news","status":"publish","type":"page","link":"https:\/\/groupejutrasconstruction.com\/en\/news\/","title":{"rendered":"News"},"content":{"rendered":"<div class=\"wpb-content-wrapper\">[vc_section full_width=&#8221;stretch_row&#8221; el_class=&#8221;section-header&#8221;][vc_row][vc_column][vc_column_text]\n<h1 style=\"text-align: center;\">News<\/h1>\n<p style=\"text-align: center;\">Groupe Jutras Construction is a company in constant expansion and evolution. We update important information about the company on this page.<\/p>\n[\/vc_column_text][\/vc_column][\/vc_row][vc_row][vc_column width=&#8221;1\/2&#8243;][vc_single_image image=&#8221;350&#8243; img_size=&#8221;full&#8221;][vc_column_text]\n<h4>July 2023<\/h4>\n<h3>A new head office for Jutras Construction!<\/h3>\n<p>It is with great enthusiasm that we unveil the location of Jutras Construction&#8217;s new head office. The company is now located at 525 Andrew street, Valleyfield. In order to accommodate our customers, a large showroom is installed on the first floor of the building while the company&#8217;s offices are located on the second floor. Hope to see you soon![\/vc_column_text][\/vc_column][vc_column width=&#8221;1\/2&#8243;][vc_single_image image=&#8221;389&#8243; img_size=&#8221;full&#8221;][vc_column_text]\n<h4>april 2022<\/h4>\n<h3>Special collaboration &#8211; Industrie et commerce magazine<\/h3>\n<p><strong> EXPERTISE FOCUSED ON TRUST RELATIONSHIPS WITH ITS CLIENTS <\/strong><\/p>\n<p>We are very happy to share this beautiful article about our company and its evolution. We would like to thank Industrie et commerce magazine for this opportunity as well as the author of the article for his excellent writing.<\/p>\n<p><a href=\"https:\/\/groupejutrasconstruction.com\/wp-content\/uploads\/2022\/09\/20-21_Groupe-Jutras_epreuve4.pdf\" target=\"_blank\" rel=\"noopener\"> Click here to read the full article! <\/a>[\/vc_column_text][\/vc_column][\/vc_row][vc_row][vc_column width=&#8221;1\/2&#8243;][vc_single_image image=&#8221;351&#8243; img_size=&#8221;full&#8221;][vc_column_text]\n<h4>December 2021<\/h4>\n<h3>AEMQ &#8211; Distinction Award Recipient<\/h3>\n<p>We are proud to have received the 2021 Award of Distinction from the Association de l&#8217;enveloppe et des Rev\u00eatements M\u00e9talliques du Qu\u00e9bec (AERMQ). This award recognizes our commitment to excellence in the design and installation of metal roofing and siding systems. We are honored to receive this recognition from our peers, and we will continue to work hard to provide the best possible products and services to our customers. Thank you to AERMQ for this distinction.[\/vc_column_text][\/vc_column][vc_column width=&#8221;1\/2&#8243;][vc_single_image image=&#8221;391&#8243; img_size=&#8221;full&#8221;][vc_column_text]\n<h4>July 2020<\/h4>\n<h3>A &amp; W Valleyfield &#8211; A great mandate for Groupe Jutras Construction<\/h3>\n<p>We are pleased to have been the chosen siding contractor for this beautiful commercial project in Salaberry-de-Valleyfield. In collaboration with Picard Construction D\u00e9veloppement Immobilier, we installed two types of siding on this building: Alpolic architectural panels and Distinction metal siding from our supplier and partner Metalunic. The result is impeccable and as always we are very proud of the meticulous work of our team.[\/vc_column_text][\/vc_column][\/vc_row][\/vc_section]\n<\/div>","protected":false},"excerpt":{"rendered":"<p>[vc_section full_width=&#8221;stretch_row&#8221; el_class=&#8221;section-header&#8221;][vc_row][vc_column][vc_column_text] News Groupe Jutras Construction is a company in constant expansion and evolution. We update important information about the company on this page. [\/vc_column_text][\/vc_column][\/vc_row][vc_row][vc_column width=&#8221;1\/2&#8243;][vc_single_image image=&#8221;350&#8243; img_size=&#8221;full&#8221;][vc_column_text] July 2023 A new head office for Jutras Construction! It is with great enthusiasm that we unveil the location of Jutras Construction&#8217;s new head office. The company is now located at &#8230;<\/p>\n","protected":false},"author":1,"featured_media":0,"parent":0,"menu_order":0,"comment_status":"closed","ping_status":"closed","template":"template-blank-1.php","meta":{"_monsterinsights_skip_tracking":false,"_monsterinsights_sitenote_active":false,"_monsterinsights_sitenote_note":"","_monsterinsights_sitenote_category":0,"footnotes":""},"class_list":["post-347","page","type-page","status-publish","hentry","no-post-thumbnail"],"_links":{"self":[{"href":"https:\/\/groupejutrasconstruction.com\/en\/wp-json\/wp\/v2\/pages\/347","targetHints":{"allow":["GET"]}}],"collection":[{"href":"https:\/\/groupejutrasconstruction.com\/en\/wp-json\/wp\/v2\/pages"}],"about":[{"href":"https:\/\/groupejutrasconstruction.com\/en\/wp-json\/wp\/v2\/types\/page"}],"author":[{"embeddable":true,"href":"https:\/\/groupejutrasconstruction.com\/en\/wp-json\/wp\/v2\/users\/1"}],"replies":[{"embeddable":true,"href":"https:\/\/groupejutrasconstruction.com\/en\/wp-json\/wp\/v2\/comments?post=347"}],"version-history":[{"count":7,"href":"https:\/\/groupejutrasconstruction.com\/en\/wp-json\/wp\/v2\/pages\/347\/revisions"}],"predecessor-version":[{"id":422,"href":"https:\/\/groupejutrasconstruction.com\/en\/wp-json\/wp\/v2\/pages\/347\/revisions\/422"}],"wp:attachment":[{"href":"https:\/\/groupejutrasconstruction.com\/en\/wp-json\/wp\/v2\/media?parent=347"}],"curies":[{"name":"wp","href":"https:\/\/api.w.org\/{rel}","templated":true}]}}